{"id":398,"date":"2025-10-27T12:09:01","date_gmt":"2025-10-27T11:09:01","guid":{"rendered":"https:\/\/archimarkt.ch\/membership-join\/"},"modified":"2026-02-02T17:39:22","modified_gmt":"2026-02-02T16:39:22","slug":"membership-join","status":"publish","type":"page","link":"https:\/\/archimarkt.ch\/en\/membership-join\/","title":{"rendered":"Join Us"},"content":{"rendered":"<div class=\"wp-block-columns has-gruppo-font-family is-layout-flex wp-container-core-columns-is-layout-28f84493 wp-block-columns-is-layout-flex\">\n<div class=\"wp-block-column is-layout-flow wp-block-column-is-layout-flow\" style=\"flex-basis:33.33%\">\n<p class=\"has-dark-color has-text-color has-link-color wp-elements-5af469c43282dbc37f9a434dde7b4a56\" style=\"font-size:clamp(20px, 1.25rem + ((1vw - 3.2px) * 1.538), 32px);font-style:normal;font-weight:700\">Start in 3 steps<\/p>\n<\/div>\n\n\n\n<div class=\"wp-block-column is-layout-flow wp-block-column-is-layout-flow\" style=\"flex-basis:66.66%\">\n<p class=\"has-black-color has-text-color has-link-color wp-elements-5822260c563a20eb50422fba52f48f51\" style=\"font-size:clamp(14px, 0.875rem + ((1vw - 3.2px) * 0.256), 16px);font-style:normal;font-weight:500\"><strong>Sign up<\/strong> \u2013 Create your profile in just a few minutes.<\/p>\n\n\n\n<p class=\"has-black-color has-text-color has-link-color wp-elements-f418851b726d9ead59c616729de5040f\" style=\"font-size:clamp(14px, 0.875rem + ((1vw - 3.2px) * 0.256), 16px);\"><strong>Show your projects<\/strong> \u2013 Upload images, details, and materials.<\/p>\n\n\n\n<p class=\"has-black-color has-text-color has-link-color wp-elements-55d3319dd70fa8a8e2e8b1884aa31c8a\"><strong>Connect and collaborate<\/strong> \u2013 Explore opportunities, forums, and resources.<\/p>\n\n\n\n<div class=\"wp-block-buttons is-content-justification-center is-layout-flex wp-container-core-buttons-is-layout-a89b3969 wp-block-buttons-is-layout-flex\">\n<div class=\"wp-block-button is-style-fill\"><a class=\"wp-block-button__link has-black-color has-text-color has-link-color has-large-font-size has-custom-font-size wp-element-button\" href=\"#iscrizionearchitetto\" style=\"padding-top:var(--wp--preset--spacing--30);padding-right:3.4rem;padding-bottom:var(--wp--preset--spacing--30);padding-left:3.4rem\">Architect<\/a><\/div>\n\n\n\n<div class=\"wp-block-button is-style-fill\"><a class=\"wp-block-button__link has-black-color has-text-color has-link-color has-large-font-size has-custom-font-size wp-element-button\" href=\"#iscrizioneazienda\" style=\"padding-top:var(--wp--preset--spacing--30);padding-right:3.4rem;padding-bottom:var(--wp--preset--spacing--30);padding-left:3.4rem\">Business owners<\/a><\/div>\n<\/div>\n<\/div>\n<\/div>\n\n\n\n<hr class=\"wp-block-separator has-alpha-channel-opacity\"\/>\n\n\n\n<p class=\"has-black-color has-text-color has-link-color has-gruppo-font-family wp-elements-c0a1982824f1fd78f42bd0a569367e0c\" style=\"font-style:normal;font-weight:400\">Step into a place where architecture comes to life and meets people. Archimarkt is more than a digital platform: it\u2019s a creative space where you can showcase your projects, make them discoverable to those seeking fresh ideas, and connect with others who share your vision. Here, you can give your work a voice, build genuine relationships, and turn your passion into real opportunities.<\/p>\n\n\n\n<hr class=\"wp-block-separator has-alpha-channel-opacity\"\/>\n\n\n\n<div class=\"wp-block-group has-gruppo-font-family has-global-padding is-layout-constrained wp-block-group-is-layout-constrained\">\n<p class=\"has-black-color has-text-color has-link-color wp-elements-7db06d36928e216e0989a92fa0e64ec0\" id=\"iscrizionearchitetto\" style=\"font-size:clamp(20px, 1.25rem + ((1vw - 3.2px) * 1.538), 32px);font-style:normal;font-weight:600\">Our Architect Subscriptions<\/p>\n\n\n\n<div class=\"wp-block-columns is-layout-flex wp-container-core-columns-is-layout-28f84493 wp-block-columns-is-layout-flex\">\n<div class=\"wp-block-column is-layout-flow wp-block-column-is-layout-flow\">\n<p style=\"font-size:clamp(14px, 0.875rem + ((1vw - 3.2px) * 0.256), 16px);font-style:normal;font-weight:600\">ArchiSTARTER: 5 CHF\/month<\/p>\n\n\n\n<p style=\"border-style:none;border-width:0px;border-radius:0px;margin-top:var(--wp--preset--spacing--40);margin-bottom:var(--wp--preset--spacing--40);line-height:0\">Perfect for getting started<\/p>\n\n\n\n<div class=\"wp-block-buttons is-content-justification-center is-layout-flex wp-container-core-buttons-is-layout-a89b3969 wp-block-buttons-is-layout-flex\">\n<div class=\"wp-block-button\"><a class=\"wp-block-button__link has-medium-font-size has-text-align-center has-custom-font-size wp-element-button\" href=\"https:\/\/archimarkt.ch\/en\/?page_id=310&amp;preview=true\" style=\"padding-top:var(--wp--preset--spacing--20);padding-right:var(--wp--preset--spacing--50);padding-bottom:var(--wp--preset--spacing--20);padding-left:var(--wp--preset--spacing--50)\">Activate<\/a><\/div>\n<\/div>\n\n\n\n<ul class=\"wp-block-list\">\n<li>Architect profile with bio and contact info<\/li>\n\n\n\n<li>Publication of <strong>1 project per month<\/strong><\/li>\n\n\n\n<li>Presence in the \u201cExplore Projects\u201d section (chronological order)<\/li>\n\n\n\n<li>Sharing your projects on social media: <strong>Facebook, Instagram e LinkedIn<\/strong><\/li>\n\n\n\n<li>Basic email support<\/li>\n\n\n\n<li>Access to the forum<\/li>\n<\/ul>\n<\/div>\n\n\n\n<div class=\"wp-block-column is-layout-flow wp-block-column-is-layout-flow\">\n<p class=\"has-medium-font-size\" style=\"font-style:normal;font-weight:600\">ArchiPRO: 49 CHF\/month<\/p>\n\n\n\n<p style=\"border-radius:0px;margin-top:var(--wp--preset--spacing--40);margin-right:0;margin-bottom:var(--wp--preset--spacing--40);margin-left:0;line-height:0\">More visibility and more projects<\/p>\n\n\n\n<div class=\"wp-block-buttons is-content-justification-center is-layout-flex wp-container-core-buttons-is-layout-a89b3969 wp-block-buttons-is-layout-flex\">\n<div class=\"wp-block-button\"><a class=\"wp-block-button__link has-medium-font-size has-custom-font-size wp-element-button\" href=\"https:\/\/archimarkt.ch\/en\/?page_id=322&amp;preview=true\" style=\"padding-top:var(--wp--preset--spacing--20);padding-right:var(--wp--preset--spacing--50);padding-bottom:var(--wp--preset--spacing--20);padding-left:var(--wp--preset--spacing--50)\">Activate<\/a><\/div>\n<\/div>\n\n\n\n<ul class=\"wp-block-list\">\n<li>Everything included in Starter<\/li>\n\n\n\n<li>Publication of up to <strong>5 projects per month<\/strong><\/li>\n\n\n\n<li>Featured on the homepage or in a dedicated section<\/li>\n\n\n\n<li>Statistics on views and contacts<\/li>\n\n\n\n<li>Advanced filters (type, budget, style)<\/li>\n\n\n\n<li>Sharing your projects on <strong>Facebook, Instagram, LinkedIn<\/strong><\/li>\n\n\n\n<li>Priority support<\/li>\n<\/ul>\n<\/div>\n\n\n\n<div class=\"wp-block-column is-layout-flow wp-block-column-is-layout-flow\">\n<p class=\"has-medium-font-size\" style=\"font-style:normal;font-weight:600\">ArchiTOP: 99 CHF\/month<\/p>\n\n\n\n<p style=\"margin-top:var(--wp--preset--spacing--40);margin-bottom:var(--wp--preset--spacing--40);line-height:0\">Maximum visibility and prestige<\/p>\n\n\n\n<div class=\"wp-block-buttons is-content-justification-center is-layout-flex wp-container-core-buttons-is-layout-a89b3969 wp-block-buttons-is-layout-flex\">\n<div class=\"wp-block-button\"><a class=\"wp-block-button__link has-medium-font-size has-custom-font-size wp-element-button\" href=\"https:\/\/archimarkt.ch\/en\/?page_id=328&amp;preview=true\" style=\"padding-top:var(--wp--preset--spacing--20);padding-right:var(--wp--preset--spacing--50);padding-bottom:var(--wp--preset--spacing--20);padding-left:var(--wp--preset--spacing--50)\">Activate<\/a><\/div>\n<\/div>\n\n\n\n<ul class=\"wp-block-list\">\n<li>Everything included in Starter<\/li>\n\n\n\n<li>Unlimited project publication<\/li>\n\n\n\n<li>Premium placement always featured<\/li>\n\n\n\n<li>Inclusion in newsletters and site promotions<\/li>\n\n\n\n<li>Exclusive \u201cTop Architect\u201d badge<\/li>\n\n\n\n<li>Promotion of your projects and profile on <strong>Facebook, Instagram, LinkedIn<\/strong><\/li>\n\n\n\n<li>Possibility to sell digital projects (paid downloads)<\/li>\n\n\n\n<li>Dedicated support + personalized consulting<\/li>\n<\/ul>\n<\/div>\n<\/div>\n\n\n\n<hr class=\"wp-block-separator has-alpha-channel-opacity\"\/>\n<\/div>\n\n\n\n<div class=\"wp-block-group has-gruppo-font-family has-global-padding is-layout-constrained wp-block-group-is-layout-constrained\">\n<p class=\"has-black-color has-text-color has-link-color wp-elements-9b70cdebc5f0e54cf3f36b67a04f2146\" id=\"iscrizioneazienda\" style=\"font-size:clamp(20px, 1.25rem + ((1vw - 3.2px) * 1.538), 32px);font-style:normal;font-weight:600\">Our Partner Subscriptions<\/p>\n\n\n\n<div class=\"wp-block-columns is-layout-flex wp-container-core-columns-is-layout-28f84493 wp-block-columns-is-layout-flex\">\n<div class=\"wp-block-column is-layout-flow wp-block-column-is-layout-flow\">\n<p style=\"font-size:clamp(14px, 0.875rem + ((1vw - 3.2px) * 0.256), 16px);font-style:normal;font-weight:600\">BusinessBASIC: 49 CHF\/month<\/p>\n\n\n\n<p style=\"border-style:none;border-width:0px;border-radius:0px;margin-top:var(--wp--preset--spacing--40);margin-bottom:var(--wp--preset--spacing--40);line-height:0\">Visibility and opportunities for your company<\/p>\n\n\n\n<div class=\"wp-block-buttons is-content-justification-center is-layout-flex wp-container-core-buttons-is-layout-a89b3969 wp-block-buttons-is-layout-flex\">\n<div class=\"wp-block-button\"><a class=\"wp-block-button__link has-medium-font-size has-text-align-center has-custom-font-size wp-element-button\" href=\"https:\/\/archimarkt.ch\/en\/?page_id=331&amp;preview=true\" style=\"padding-top:var(--wp--preset--spacing--20);padding-right:var(--wp--preset--spacing--50);padding-bottom:var(--wp--preset--spacing--20);padding-left:var(--wp--preset--spacing--50)\">Activate<\/a><\/div>\n<\/div>\n\n\n\n<ul class=\"wp-block-list\">\n<li>Company profile with logo, contact info, and description<\/li>\n\n\n\n<li>Publication of up to 5 products\/services per month<\/li>\n\n\n\n<li>Featured on the homepage or in a dedicated section<\/li>\n\n\n\n<li>Statistics on views and contacts<\/li>\n\n\n\n<li>Filtri avanzati (categoria prodotto, materiale, stile, ecc.)<\/li>\n\n\n\n<li>Priority support<\/li>\n<\/ul>\n<\/div>\n\n\n\n<div class=\"wp-block-column is-layout-flow wp-block-column-is-layout-flow\">\n<p style=\"font-size:clamp(14px, 0.875rem + ((1vw - 3.2px) * 0.256), 16px);font-style:normal;font-weight:600\">BusinessPREMIUM \u2013 99 CHF\/month<\/p>\n\n\n\n<p style=\"border-style:none;border-width:0px;border-radius:0px;margin-top:var(--wp--preset--spacing--40);margin-bottom:var(--wp--preset--spacing--40);line-height:0\">Maximum visibility and prestige for your brand<\/p>\n\n\n\n<div class=\"wp-block-buttons is-content-justification-center is-layout-flex wp-container-core-buttons-is-layout-a89b3969 wp-block-buttons-is-layout-flex\">\n<div class=\"wp-block-button\"><a class=\"wp-block-button__link has-medium-font-size has-text-align-center has-custom-font-size wp-element-button\" href=\"https:\/\/archimarkt.ch\/en\/?page_id=334&amp;preview=true\" style=\"padding-top:var(--wp--preset--spacing--20);padding-right:var(--wp--preset--spacing--50);padding-bottom:var(--wp--preset--spacing--20);padding-left:var(--wp--preset--spacing--50)\">Activate<\/a><\/div>\n<\/div>\n\n\n\n<ul class=\"wp-block-list\">\n<li>Unlimited publication of products\/services<\/li>\n\n\n\n<li>Premium placement always featured<\/li>\n\n\n\n<li>Inclusion in newsletters and site promotional campaigns<\/li>\n\n\n\n<li>Exclusive \u201cTop Company\u201d badge<\/li>\n\n\n\n<li>Possibility to sell digital resources (catalogs, datasheets, BIM files)<\/li>\n\n\n\n<li style=\"padding-right:0\">Dedicated support + personalized consulting<\/li>\n<\/ul>\n<\/div>\n<\/div>\n<\/div>\n\n\n\n<hr class=\"wp-block-separator has-alpha-channel-opacity\"\/>","protected":false},"excerpt":{"rendered":"<p>Inizia in 3 passi Registrati \u2013 Crea il tuo profilo in pochi minuti. Mostra i tuoi progetti \u2013 Carica immagini, dettagli e materiali. Connetti e collabora \u2013 Scopri opportunit\u00e0, forum e risorse. Entra in un luogo dove l\u2019architettura prende vita e incontra le persone. Archimarkt \u00e8 pi\u00f9 di una piattaforma digitale: \u00e8 uno spazio creativo [&hellip;]<\/p>\n","protected":false},"author":1,"featured_media":0,"parent":0,"menu_order":0,"comment_status":"closed","ping_status":"closed","template":"","meta":{"footnotes":""},"class_list":["post-398","page","type-page","status-publish","hentry"],"_hostinger_reach_plugin_has_subscription_block":false,"_hostinger_reach_plugin_is_elementor":false,"jetpack_sharing_enabled":true,"_links":{"self":[{"href":"https:\/\/archimarkt.ch\/en\/wp-json\/wp\/v2\/pages\/398","targetHints":{"allow":["GET"]}}],"collection":[{"href":"https:\/\/archimarkt.ch\/en\/wp-json\/wp\/v2\/pages"}],"about":[{"href":"https:\/\/archimarkt.ch\/en\/wp-json\/wp\/v2\/types\/page"}],"author":[{"embeddable":true,"href":"https:\/\/archimarkt.ch\/en\/wp-json\/wp\/v2\/users\/1"}],"replies":[{"embeddable":true,"href":"https:\/\/archimarkt.ch\/en\/wp-json\/wp\/v2\/comments?post=398"}],"version-history":[{"count":16,"href":"https:\/\/archimarkt.ch\/en\/wp-json\/wp\/v2\/pages\/398\/revisions"}],"predecessor-version":[{"id":780,"href":"https:\/\/archimarkt.ch\/en\/wp-json\/wp\/v2\/pages\/398\/revisions\/780"}],"wp:attachment":[{"href":"https:\/\/archimarkt.ch\/en\/wp-json\/wp\/v2\/media?parent=398"}],"curies":[{"name":"wp","href":"https:\/\/api.w.org\/{rel}","templated":true}]}}